{"id":100004274,"date":"2017-12-11T17:56:12","date_gmt":"2017-12-11T16:56:12","guid":{"rendered":"https:\/\/bilstein2019.mb-t.net\/historie\/"},"modified":"2019-10-01T14:41:34","modified_gmt":"2019-10-01T12:41:34","slug":"historie","status":"publish","type":"page","link":"https:\/\/bilstein-gruppe.de\/en\/historie\/","title":{"rendered":"BILSTEIN GROUP History"},"content":{"rendered":"<p>{&#8220;main-title&#8221;:{&#8220;component&#8221;:&#8221;hc_title&#8221;,&#8221;id&#8221;:&#8221;main-title&#8221;,&#8221;title&#8221;:&#8221;Company timeline&#8221;,&#8221;subtitle&#8221;:&#8221;Our road to success&#8221;,&#8221;title_content&#8221;:{&#8220;component&#8221;:&#8221;hc_title_image&#8221;,&#8221;id&#8221;:&#8221;title-image&#8221;,&#8221;image&#8221;:&#8221;https:\/\/bilstein-gruppe.de\/wp-content\/uploads\/2019\/04\/Walzwerkshalle1.jpg|690|938|100001500&#8243;,&#8221;full_screen&#8221;:false,&#8221;full_screen_height&#8221;:&#8221;&#8221;,&#8221;parallax&#8221;:false,&#8221;bleed&#8221;:&#8221;&#8221;,&#8221;ken_burn&#8221;:&#8221;&#8221;,&#8221;overlay&#8221;:&#8221;&#8221;,&#8221;breadcrumbs&#8221;:false,&#8221;white&#8221;:true}},&#8221;section_5ZtkF&#8221;:{&#8220;component&#8221;:&#8221;hc_section&#8221;,&#8221;id&#8221;:&#8221;section_5ZtkF&#8221;,&#8221;section_width&#8221;:&#8221;&#8221;,&#8221;animation&#8221;:&#8221;&#8221;,&#8221;animation_time&#8221;:&#8221;&#8221;,&#8221;timeline_animation&#8221;:&#8221;&#8221;,&#8221;timeline_delay&#8221;:&#8221;&#8221;,&#8221;timeline_order&#8221;:&#8221;&#8221;,&#8221;vertical_row&#8221;:&#8221;&#8221;,&#8221;box_middle&#8221;:&#8221;&#8221;,&#8221;css_classes&#8221;:&#8221;&#8221;,&#8221;custom_css_classes&#8221;:&#8221;&#8221;,&#8221;custom_css_styles&#8221;:&#8221;&#8221;,&#8221;section_content&#8221;:[{&#8220;component&#8221;:&#8221;hc_column&#8221;,&#8221;id&#8221;:&#8221;column_PMLg2&#8243;,&#8221;column_width&#8221;:&#8221;col-md-12&#8243;,&#8221;animation&#8221;:&#8221;&#8221;,&#8221;animation_time&#8221;:&#8221;&#8221;,&#8221;timeline_animation&#8221;:&#8221;&#8221;,&#8221;timeline_delay&#8221;:&#8221;&#8221;,&#8221;timeline_order&#8221;:&#8221;&#8221;,&#8221;css_classes&#8221;:&#8221;&#8221;,&#8221;custom_css_classes&#8221;:&#8221;&#8221;,&#8221;custom_css_styles&#8221;:&#8221;&#8221;,&#8221;main_content&#8221;:[{&#8220;component&#8221;:&#8221;hc_timeline&#8221;,&#8221;id&#8221;:&#8221;PQ40Y&#8221;,&#8221;css_classes&#8221;:&#8221;&#8221;,&#8221;custom_css_classes&#8221;:&#8221;&#8221;,&#8221;custom_css_styles&#8221;:&#8221;&#8221;,&#8221;rows&#8221;:[{&#8220;component&#8221;:&#8221;repeater_item&#8221;,&#8221;id&#8221;:&#8221;Fu04j&#8221;,&#8221;title&#8221;:&#8221;BILSTEIN&#8221;,&#8221;subtitle&#8221;:&#8221;Hagen, Germany&#8221;,&#8221;content&#8221;:&#8221;The company is established between Hohenlimburg and Hagen in North-Rhine Westphalia, north-west Germany &#8220;,&#8221;position&#8221;:&#8221;&#8221;,&#8221;date&#8221;:&#8221;1911&#8243;,&#8221;date_subtitle&#8221;:&#8221;Founding&#8221;},{&#8220;component&#8221;:&#8221;repeater_item&#8221;,&#8221;id&#8221;:&#8221;cy9Bg&#8221;,&#8221;title&#8221;:&#8221;BILSTEIN&#8221;,&#8221;subtitle&#8221;:&#8221;Hagen, Germany&#8221;,&#8221;content&#8221;:&#8221;First Coil production Tandem Cold Mill&#8221;,&#8221;position&#8221;:&#8221;right&#8221;,&#8221;date&#8221;:&#8221;1969&#8243;,&#8221;date_subtitle&#8221;:&#8221;First Coil&#8221;},{&#8220;component&#8221;:&#8221;repeater_item&#8221;,&#8221;id&#8221;:&#8221;z4EvC&#8221;,&#8221;title&#8221;:&#8221;HUGO VOGELSANG&#8221;,&#8221;subtitle&#8221;:&#8221;Hagen, Germany&#8221;,&#8221;content&#8221;:&#8221;BILSTEIN acquires HUGO VOGELSANG&#8221;,&#8221;position&#8221;:&#8221;&#8221;,&#8221;date&#8221;:&#8221;1996&#8243;,&#8221;date_subtitle&#8221;:&#8221;Acquisition&#8221;},{&#8220;component&#8221;:&#8221;repeater_item&#8221;,&#8221;id&#8221;:&#8221;qQTpO&#8221;,&#8221;title&#8221;:&#8221;INAC &#8220;,&#8221;subtitle&#8221;:&#8221;Italy&#8221;,&#8221;content&#8221;:&#8221;BILSTEIN acquires a 30% stake in INAC (Italy) &#8220;,&#8221;position&#8221;:&#8221;right&#8221;,&#8221;date&#8221;:&#8221;2001&#8243;,&#8221;date_subtitle&#8221;:&#8221;Investment &#8220;},{&#8220;component&#8221;:&#8221;repeater_item&#8221;,&#8221;id&#8221;:&#8221;gLBqY&#8221;,&#8221;title&#8221;:&#8221;C. VOGELSANG and SHEARLINE STEEL STRIP&#8221;,&#8221;subtitle&#8221;:&#8221;Hagen, Germany&#8221;,&#8221;content&#8221;:&#8221;BILSTEIN acquires C. VOGELSANG and SHEARLINE STEEL STRIP LTD. (UK)&#8221;,&#8221;position&#8221;:&#8221;&#8221;,&#8221;date&#8221;:&#8221;2003&#8243;,&#8221;date_subtitle&#8221;:&#8221;Acquisition&#8221;},{&#8220;component&#8221;:&#8221;repeater_item&#8221;,&#8221;id&#8221;:&#8221;EDAkA&#8221;,&#8221;title&#8221;:&#8221;KWW (now BILSTEIN CEE) &#8220;,&#8221;subtitle&#8221;:&#8221;Kr\u00e1l\u016fv Dv\u016fr, Czech Republic &#8220;,&#8221;content&#8221;:&#8221;BILSTEIN acquires KWW a.s. (Czech Republic) and Robert Zinn, Engels (Wuppertal)&#8221;,&#8221;position&#8221;:&#8221;right&#8221;,&#8221;date&#8221;:&#8221;2005&#8243;,&#8221;date_subtitle&#8221;:&#8221;Acquisition&#8221;},{&#8220;component&#8221;:&#8221;repeater_item&#8221;,&#8221;id&#8221;:&#8221;Luz2F&#8221;,&#8221;title&#8221;:&#8221;ARMCO do Brasil s.a.&#8221;,&#8221;subtitle&#8221;:&#8221;Brazil&#8221;,&#8221;content&#8221;:&#8221;BILSTEIN acquires a stake in ARMCO DO BRASIL S.A. (Brazil) &#8220;,&#8221;position&#8221;:&#8221;&#8221;,&#8221;date&#8221;:&#8221;2008&#8243;,&#8221;date_subtitle&#8221;:&#8221;Investment &#8220;},{&#8220;component&#8221;:&#8221;repeater_item&#8221;,&#8221;id&#8221;:&#8221;U82gK&#8221;,&#8221;title&#8221;:&#8221;BILSTEIN NORTH AMERICA&#8221;,&#8221;subtitle&#8221;:&#8221;Chicago, USA&#8221;,&#8221;content&#8221;:&#8221;&#8221;,&#8221;position&#8221;:&#8221;right&#8221;,&#8221;date&#8221;:&#8221;2009&#8243;,&#8221;date_subtitle&#8221;:&#8221;Founding&#8221;},{&#8220;component&#8221;:&#8221;repeater_item&#8221;,&#8221;id&#8221;:&#8221;ozExZ&#8221;,&#8221;title&#8221;:&#8221;BILSTEIN TRADING (SHANGHAI)&#8221;,&#8221;subtitle&#8221;:&#8221;Shanghai, China&#8221;,&#8221;content&#8221;:&#8221;&#8221;,&#8221;position&#8221;:&#8221;&#8221;,&#8221;date&#8221;:&#8221;2010&#8243;,&#8221;date_subtitle&#8221;:&#8221;Founding&#8221;},{&#8220;component&#8221;:&#8221;repeater_item&#8221;,&#8221;id&#8221;:&#8221;3irGr&#8221;,&#8221;title&#8221;:&#8221;100 years of the BILSTEIN GROUP&#8221;,&#8221;subtitle&#8221;:&#8221;&#8221;,&#8221;content&#8221;:&#8221;&#8221;,&#8221;position&#8221;:&#8221;right&#8221;,&#8221;date&#8221;:&#8221;2011&#8243;,&#8221;date_subtitle&#8221;:&#8221;Centenary &#8220;},{&#8220;component&#8221;:&#8221;repeater_item&#8221;,&#8221;id&#8221;:&#8221;rthTV&#8221;,&#8221;title&#8221;:&#8221;BILSTEIN COLD ROLLED STEEL LP&#8221;,&#8221;subtitle&#8221;:&#8221;Bowling Green, KY, USA&#8221;,&#8221;content&#8221;:&#8221;Construction begins on a production plant in the US &#8220;,&#8221;position&#8221;:&#8221;&#8221;,&#8221;date&#8221;:&#8221;2013&#8243;,&#8221;date_subtitle&#8221;:&#8221;Founding&#8221;},{&#8220;component&#8221;:&#8221;repeater_item&#8221;,&#8221;id&#8221;:&#8221;cTnzy&#8221;,&#8221;title&#8221;:&#8221;C. VOGELSANG GmbH &#038; Co. KG and BILSTEIN GmbH &#038; Co. KG&#8221;,&#8221;subtitle&#8221;:&#8221;Hagen, Germany&#8221;,&#8221;content&#8221;:&#8221;The two companies join forces &#8220;,&#8221;position&#8221;:&#8221;right&#8221;,&#8221;date&#8221;:&#8221;2014&#8243;,&#8221;date_subtitle&#8221;:&#8221;Merger&#8221;},{&#8220;component&#8221;:&#8221;repeater_item&#8221;,&#8221;id&#8221;:&#8221;Pd7jP&#8221;,&#8221;title&#8221;:&#8221;BILSTEIN CEE a.s.&#8221;,&#8221;subtitle&#8221;:&#8221;Kr\u00e1l\u016fv Dv\u016fr, Czech Republic &#8220;,&#8221;content&#8221;:&#8221;KWW a.s. renamed as BILSTEIN CEE a.s. &#8220;,&#8221;position&#8221;:&#8221;&#8221;,&#8221;date&#8221;:&#8221;2015&#8243;,&#8221;date_subtitle&#8221;:&#8221;Renaming &#8220;},{&#8220;component&#8221;:&#8221;repeater_item&#8221;,&#8221;id&#8221;:&#8221;z5iOq&#8221;,&#8221;title&#8221;:&#8221;BILSTEIN COLD ROLLED STEEL&#8221;,&#8221;subtitle&#8221;:&#8221;Bowling Green, KY, USA&#8221;,&#8221;content&#8221;:&#8221;BILSTEIN goes USA \u2013 BILSTEIN celebrates the commissioning of its new production plant in Bowling Green, Kentucky, USA&#8221;,&#8221;position&#8221;:&#8221;right&#8221;,&#8221;date&#8221;:&#8221;2017&#8243;,&#8221;date_subtitle&#8221;:&#8221;Plant opening &#8220;},{&#8220;component&#8221;:&#8221;repeater_item&#8221;,&#8221;id&#8221;:&#8221;MyOdq&#8221;,&#8221;title&#8221;:&#8221;BILSTEIN&#8221;,&#8221;subtitle&#8221;:&#8221;Hagen, Germany&#8221;,&#8221;content&#8221;:&#8221;First Coil production wide rolling stand in Hagen-Hohenlimburg&#8221;,&#8221;position&#8221;:&#8221;&#8221;,&#8221;date&#8221;:&#8221;2019&#8243;,&#8221;date_subtitle&#8221;:&#8221;First Coil&#8221;}]}]}],&#8221;section_settings&#8221;:&#8221;&#8221;},&#8221;scripts&#8221;:{&#8220;components&#8221;:&#8221;jquery.tab-accordion.js&#8221;},&#8221;css&#8221;:{&#8220;components&#8221;:&#8221;css\/components.css&#8221;},&#8221;css_page&#8221;:&#8221;&#8221;,&#8221;template_setting&#8221;:{&#8220;settings&#8221;:{&#8220;id&#8221;:&#8221;settings&#8221;}},&#8221;template_setting_top&#8221;:{},&#8221;page_setting&#8221;:{&#8220;settings&#8221;:[&#8220;lock-mode-off&#8221;]}}<\/p>\n","protected":false},"excerpt":{"rendered":"<p>{&#8220;main-title&#8221;:{&#8220;component&#8221;:&#8221;hc_title&#8221;,&#8221;id&#8221;:&#8221;main-title&#8221;,&#8221;title&#8221;:&#8221;Company timeline&#8221;,&#8221;subtitle&#8221;:&#8221;Our road to success&#8221;,&#8221;title_content&#8221;:{&#8220;component&#8221;:&#8221;hc_title_image&#8221;,&#8221;id&#8221;:&#8221;title-image&#8221;,&#8221;image&#8221;:&#8221;https:\/\/bilstein-gruppe.de\/wp-content\/uploads\/2019\/04\/Walzwerkshalle1.jpg|690|938|100001500&#8243;,&#8221;full_screen&#8221;:false,&#8221;full_screen_height&#8221;:&#8221;&#8221;,&#8221;parallax&#8221;:false,&#8221;bleed&#8221;:&#8221;&#8221;,&#8221;ken_burn&#8221;:&#8221;&#8221;,&#8221;overlay&#8221;:&#8221;&#8221;,&#8221;breadcrumbs&#8221;:false,&#8221;white&#8221;:true}},&#8221;section_5ZtkF&#8221;:{&#8220;component&#8221;:&#8221;hc_section&#8221;,&#8221;id&#8221;:&#8221;section_5ZtkF&#8221;,&#8221;section_width&#8221;:&#8221;&#8221;,&#8221;animation&#8221;:&#8221;&#8221;,&#8221;animation_time&#8221;:&#8221;&#8221;,&#8221;timeline_animation&#8221;:&#8221;&#8221;,&#8221;timeline_delay&#8221;:&#8221;&#8221;,&#8221;timeline_order&#8221;:&#8221;&#8221;,&#8221;vertical_row&#8221;:&#8221;&#8221;,&#8221;box_middle&#8221;:&#8221;&#8221;,&#8221;css_classes&#8221;:&#8221;&#8221;,&#8221;custom_css_classes&#8221;:&#8221;&#8221;,&#8221;custom_css_styles&#8221;:&#8221;&#8221;,&#8221;section_content&#8221;:[{&#8220;component&#8221;:&#8221;hc_column&#8221;,&#8221;id&#8221;:&#8221;column_PMLg2&#8243;,&#8221;column_width&#8221;:&#8221;col-md-12&#8243;,&#8221;animation&#8221;:&#8221;&#8221;,&#8221;animation_time&#8221;:&#8221;&#8221;,&#8221;timeline_animation&#8221;:&#8221;&#8221;,&#8221;timeline_delay&#8221;:&#8221;&#8221;,&#8221;timeline_order&#8221;:&#8221;&#8221;,&#8221;css_classes&#8221;:&#8221;&#8221;,&#8221;custom_css_classes&#8221;:&#8221;&#8221;,&#8221;custom_css_styles&#8221;:&#8221;&#8221;,&#8221;main_content&#8221;:[{&#8220;component&#8221;:&#8221;hc_timeline&#8221;,&#8221;id&#8221;:&#8221;PQ40Y&#8221;,&#8221;css_classes&#8221;:&#8221;&#8221;,&#8221;custom_css_classes&#8221;:&#8221;&#8221;,&#8221;custom_css_styles&#8221;:&#8221;&#8221;,&#8221;rows&#8221;:[{&#8220;component&#8221;:&#8221;repeater_item&#8221;,&#8221;id&#8221;:&#8221;Fu04j&#8221;,&#8221;title&#8221;:&#8221;BILSTEIN&#8221;,&#8221;subtitle&#8221;:&#8221;Hagen, Germany&#8221;,&#8221;content&#8221;:&#8221;The company is established between Hohenlimburg and Hagen in North-Rhine Westphalia, north-west Germany &#8220;,&#8221;position&#8221;:&#8221;&#8221;,&#8221;date&#8221;:&#8221;1911&#8243;,&#8221;date_subtitle&#8221;:&#8221;Founding&#8221;},{&#8220;component&#8221;:&#8221;repeater_item&#8221;,&#8221;id&#8221;:&#8221;cy9Bg&#8221;,&#8221;title&#8221;:&#8221;BILSTEIN&#8221;,&#8221;subtitle&#8221;:&#8221;Hagen, Germany&#8221;,&#8221;content&#8221;:&#8221;First Coil production Tandem Cold Mill&#8221;,&#8221;position&#8221;:&#8221;right&#8221;,&#8221;date&#8221;:&#8221;1969&#8243;,&#8221;date_subtitle&#8221;:&#8221;First Coil&#8221;},{&#8220;component&#8221;:&#8221;repeater_item&#8221;,&#8221;id&#8221;:&#8221;z4EvC&#8221;,&#8221;title&#8221;:&#8221;HUGO VOGELSANG&#8221;,&#8221;subtitle&#8221;:&#8221;Hagen, Germany&#8221;,&#8221;content&#8221;:&#8221;BILSTEIN acquires HUGO VOGELSANG&#8221;,&#8221;position&#8221;:&#8221;&#8221;,&#8221;date&#8221;:&#8221;1996&#8243;,&#8221;date_subtitle&#8221;:&#8221;Acquisition&#8221;},{&#8220;component&#8221;:&#8221;repeater_item&#8221;,&#8221;id&#8221;:&#8221;qQTpO&#8221;,&#8221;title&#8221;:&#8221;INAC &#8220;,&#8221;subtitle&#8221;:&#8221;Italy&#8221;,&#8221;content&#8221;:&#8221;BILSTEIN acquires a 30% stake in INAC (Italy) &#8220;,&#8221;position&#8221;:&#8221;right&#8221;,&#8221;date&#8221;:&#8221;2001&#8243;,&#8221;date_subtitle&#8221;:&#8221;Investment &#8220;},{&#8220;component&#8221;:&#8221;repeater_item&#8221;,&#8221;id&#8221;:&#8221;gLBqY&#8221;,&#8221;title&#8221;:&#8221;C. VOGELSANG and SHEARLINE STEEL STRIP&#8221;,&#8221;subtitle&#8221;:&#8221;Hagen, Germany&#8221;,&#8221;content&#8221;:&#8221;BILSTEIN acquires C. VOGELSANG and SHEARLINE STEEL STRIP LTD. [&hellip;]<\/p>\n","protected":false},"author":2,"featured_media":0,"parent":0,"menu_order":0,"comment_status":"closed","ping_status":"closed","template":"","meta":{"footnotes":""},"class_list":["post-100004274","page","type-page","status-publish","hentry"],"_links":{"self":[{"href":"https:\/\/bilstein-gruppe.de\/en\/wp-json\/wp\/v2\/pages\/100004274","targetHints":{"allow":["GET"]}}],"collection":[{"href":"https:\/\/bilstein-gruppe.de\/en\/wp-json\/wp\/v2\/pages"}],"about":[{"href":"https:\/\/bilstein-gruppe.de\/en\/wp-json\/wp\/v2\/types\/page"}],"author":[{"embeddable":true,"href":"https:\/\/bilstein-gruppe.de\/en\/wp-json\/wp\/v2\/users\/2"}],"replies":[{"embeddable":true,"href":"https:\/\/bilstein-gruppe.de\/en\/wp-json\/wp\/v2\/comments?post=100004274"}],"version-history":[{"count":0,"href":"https:\/\/bilstein-gruppe.de\/en\/wp-json\/wp\/v2\/pages\/100004274\/revisions"}],"wp:attachment":[{"href":"https:\/\/bilstein-gruppe.de\/en\/wp-json\/wp\/v2\/media?parent=100004274"}],"curies":[{"name":"wp","href":"https:\/\/api.w.org\/{rel}","templated":true}]}}